{"id":213,"date":"2020-01-28T14:34:14","date_gmt":"2020-01-28T13:34:14","guid":{"rendered":"https:\/\/cabinetbourgeois.com\/?page_id=213"},"modified":"2020-01-28T16:02:33","modified_gmt":"2020-01-28T15:02:33","slug":"contacter-me-bourgeois","status":"publish","type":"page","link":"https:\/\/cabinetbourgeois.com\/?page_id=213","title":{"rendered":"Contacter Me Bourgeois"},"content":{"rendered":"<div class=\"fusion-fullwidth fullwidth-box fusion-builder-row-1 nonhundred-percent-fullwidth non-hundred-percent-height-scrolling\" style=\"--awb-border-radius-top-left:0px;--awb-border-radius-top-right:0px;--awb-border-radius-bottom-right:0px;--awb-border-radius-bottom-left:0px;--awb-flex-wrap:wrap;\" ><div class=\"fusion-builder-row fusion-row\"><div class=\"fusion-layout-column fusion_builder_column fusion-builder-column-0 fusion_builder_column_1_3 1_3 fusion-one-third fusion-column-first\" style=\"--awb-bg-size:cover;width:33.333333333333%;width:calc(33.333333333333% - ( ( 4% ) * 0.33333333333333 ) );margin-right: 4%;\"><div class=\"fusion-column-wrapper fusion-column-has-shadow fusion-flex-column-wrapper-legacy\"><div class=\"fusion-text fusion-text-1\"><p>Afin de joindre Maitre Mathieu Bourgeois vous pouvez utiliser le formulaire de contact ci-dessous.<\/p>\n<p>Les \u00e9l\u00e9ments recueillis sont utilis\u00e9s et conserv\u00e9s conform\u00e9ment au r\u00e8glement n\u1d52 2016\/679, dit r\u00e8glement g\u00e9n\u00e9ral sur la protection des donn\u00e9es r\u00e8glement et peuvent faire l&rsquo;objet d&rsquo;une demande de suppression ou de modification dans les conditions d\u00e9finies par les conditions d&rsquo;utilisation du site.<\/p>\n<p><b>Contact<\/b><br \/>\n01 84 16 43 64<br \/>\n19, avenue du Pr\u00e9sident Wilson \u2013 75116 Paris<\/p>\n<\/div><div class=\"fusion-clearfix\"><\/div><\/div><\/div><div class=\"fusion-layout-column fusion_builder_column fusion-builder-column-1 fusion_builder_column_2_3 2_3 fusion-two-third fusion-column-last\" style=\"--awb-bg-size:cover;width:66.666666666667%;width:calc(66.666666666667% - ( ( 4% ) * 0.66666666666667 ) );\"><div class=\"fusion-column-wrapper fusion-column-has-shadow fusion-flex-column-wrapper-legacy\">\n<div class=\"wpcf7 no-js\" id=\"wpcf7-f77-o1\" lang=\"fr-FR\" dir=\"ltr\" data-wpcf7-id=\"77\">\n<div class=\"screen-reader-response\"><p role=\"status\" aria-live=\"polite\" aria-atomic=\"true\"><\/p> <ul><\/ul><\/div>\n<form action=\"\/index.php?rest_route=%2Fwp%2Fv2%2Fpages%2F213#wpcf7-f77-o1\" method=\"post\" class=\"wpcf7-form init\" aria-label=\"Formulaire de contact\" novalidate=\"novalidate\" data-status=\"init\">\n<fieldset class=\"hidden-fields-container\"><input type=\"hidden\" name=\"_wpcf7\" value=\"77\" \/><input type=\"hidden\" name=\"_wpcf7_version\" value=\"6.1.5\" \/><input type=\"hidden\" name=\"_wpcf7_locale\" value=\"fr_FR\" \/><input type=\"hidden\" name=\"_wpcf7_unit_tag\" value=\"wpcf7-f77-o1\" \/><input type=\"hidden\" name=\"_wpcf7_container_post\" value=\"0\" \/><input type=\"hidden\" name=\"_wpcf7_posted_data_hash\" value=\"\" \/><input type=\"hidden\" name=\"_wpcf7_recaptcha_response\" value=\"\" \/>\n<\/fieldset>\n<p><label> Votre nom (obligatoire)<br \/>\n<span class=\"wpcf7-form-control-wrap\" data-name=\"your-name\"><input size=\"40\" maxlength=\"400\" class=\"wpcf7-form-control wpcf7-text wpcf7-validates-as-required\" aria-required=\"true\" aria-invalid=\"false\" value=\"\" type=\"text\" name=\"your-name\" \/><\/span> <\/label>\n<\/p>\n<p><label> Votre adresse de messagerie (obligatoire)<br \/>\n<span class=\"wpcf7-form-control-wrap\" data-name=\"your-email\"><input size=\"40\" maxlength=\"400\" class=\"wpcf7-form-control wpcf7-email wpcf7-validates-as-required wpcf7-text wpcf7-validates-as-email\" aria-required=\"true\" aria-invalid=\"false\" value=\"\" type=\"email\" name=\"your-email\" \/><\/span> <\/label>\n<\/p>\n<p><label> Objet<br \/>\n<span class=\"wpcf7-form-control-wrap\" data-name=\"your-subject\"><input size=\"40\" maxlength=\"400\" class=\"wpcf7-form-control wpcf7-text\" aria-invalid=\"false\" value=\"\" type=\"text\" name=\"your-subject\" \/><\/span> <\/label>\n<\/p>\n<p><label> Votre message<br \/>\n<span class=\"wpcf7-form-control-wrap\" data-name=\"your-message\"><textarea cols=\"40\" rows=\"10\" maxlength=\"2000\" class=\"wpcf7-form-control wpcf7-textarea\" aria-invalid=\"false\" name=\"your-message\"><\/textarea><\/span> <\/label>\n<\/p>\n\n<p><input class=\"wpcf7-form-control wpcf7-submit has-spinner\" type=\"submit\" value=\"Envoyer\" \/>\n<\/p><p style=\"display: none !important;\" class=\"akismet-fields-container\" data-prefix=\"_wpcf7_ak_\"><label>&#916;<textarea name=\"_wpcf7_ak_hp_textarea\" cols=\"45\" rows=\"8\" maxlength=\"100\"><\/textarea><\/label><input type=\"hidden\" id=\"ak_js_1\" name=\"_wpcf7_ak_js\" value=\"189\"\/><script>document.getElementById( \"ak_js_1\" ).setAttribute( \"value\", ( new Date() ).getTime() );<\/script><\/p><div class=\"fusion-alert alert custom alert-custom fusion-alert-center wpcf7-response-output awb-alert-native-link-color alert-dismissable awb-alert-close-boxed\" style=\"--awb-border-size:1px;--awb-border-top-left-radius:0px;--awb-border-top-right-radius:0px;--awb-border-bottom-left-radius:0px;--awb-border-bottom-right-radius:0px;\" role=\"alert\"><div class=\"fusion-alert-content-wrapper\"><span class=\"fusion-alert-content\"><\/span><\/div><button type=\"button\" class=\"close toggle-alert\" data-dismiss=\"alert\" aria-label=\"Close\">&times;<\/button><\/div>\n<\/form>\n<\/div>\n<div class=\"fusion-clearfix\"><\/div><\/div><\/div><\/div><\/div>\n","protected":false},"excerpt":{"rendered":"","protected":false},"author":2,"featured_media":0,"parent":0,"menu_order":0,"comment_status":"closed","ping_status":"closed","template":"","meta":{"footnotes":""},"class_list":["post-213","page","type-page","status-publish","hentry"],"yoast_head":"<!-- This site is optimized with the Yoast SEO plugin v27.4 - https:\/\/yoast.com\/product\/yoast-seo-wordpress\/ -->\n<title>Contacter Me Bourgeois - Mathieu Bourgeois, avocat au barreau de Paris<\/title>\n<meta name=\"robots\" content=\"index, follow, max-snippet:-1, max-image-preview:large, max-video-preview:-1\" \/>\n<link rel=\"canonical\" href=\"https:\/\/cabinetbourgeois.com\/?page_id=213\" \/>\n<meta property=\"og:locale\" content=\"fr_FR\" \/>\n<meta property=\"og:type\" content=\"article\" \/>\n<meta property=\"og:title\" content=\"Contacter Me Bourgeois - Mathieu Bourgeois, avocat au barreau de Paris\" \/>\n<meta property=\"og:url\" content=\"https:\/\/cabinetbourgeois.com\/?page_id=213\" \/>\n<meta property=\"og:site_name\" content=\"Mathieu Bourgeois, avocat au barreau de Paris\" \/>\n<meta property=\"article:modified_time\" content=\"2020-01-28T15:02:33+00:00\" \/>\n<meta name=\"twitter:card\" content=\"summary_large_image\" \/>\n<meta name=\"twitter:label1\" content=\"Dur\u00e9e de lecture estim\u00e9e\" \/>\n\t<meta name=\"twitter:data1\" content=\"3 minutes\" \/>\n<script type=\"application\/ld+json\" class=\"yoast-schema-graph\">{\"@context\":\"https:\\\/\\\/schema.org\",\"@graph\":[{\"@type\":\"WebPage\",\"@id\":\"https:\\\/\\\/cabinetbourgeois.com\\\/?page_id=213\",\"url\":\"https:\\\/\\\/cabinetbourgeois.com\\\/?page_id=213\",\"name\":\"Contacter Me Bourgeois - Mathieu Bourgeois, avocat au barreau de Paris\",\"isPartOf\":{\"@id\":\"https:\\\/\\\/cabinetbourgeois.com\\\/#website\"},\"datePublished\":\"2020-01-28T13:34:14+00:00\",\"dateModified\":\"2020-01-28T15:02:33+00:00\",\"breadcrumb\":{\"@id\":\"https:\\\/\\\/cabinetbourgeois.com\\\/?page_id=213#breadcrumb\"},\"inLanguage\":\"fr-FR\",\"potentialAction\":[{\"@type\":\"ReadAction\",\"target\":[\"https:\\\/\\\/cabinetbourgeois.com\\\/?page_id=213\"]}]},{\"@type\":\"BreadcrumbList\",\"@id\":\"https:\\\/\\\/cabinetbourgeois.com\\\/?page_id=213#breadcrumb\",\"itemListElement\":[{\"@type\":\"ListItem\",\"position\":1,\"name\":\"Accueil\",\"item\":\"https:\\\/\\\/cabinetbourgeois.com\\\/\"},{\"@type\":\"ListItem\",\"position\":2,\"name\":\"Contacter Me Bourgeois\"}]},{\"@type\":\"WebSite\",\"@id\":\"https:\\\/\\\/cabinetbourgeois.com\\\/#website\",\"url\":\"https:\\\/\\\/cabinetbourgeois.com\\\/\",\"name\":\"Mathieu Bourgeois, avocat au barreau de Paris\",\"description\":\"Un avocat pour vous s\u00e9curiser et vous accompagner\",\"publisher\":{\"@id\":\"https:\\\/\\\/cabinetbourgeois.com\\\/#\\\/schema\\\/person\\\/6a4104e5effb97f6e89738aa1c77a35c\"},\"potentialAction\":[{\"@type\":\"SearchAction\",\"target\":{\"@type\":\"EntryPoint\",\"urlTemplate\":\"https:\\\/\\\/cabinetbourgeois.com\\\/?s={search_term_string}\"},\"query-input\":{\"@type\":\"PropertyValueSpecification\",\"valueRequired\":true,\"valueName\":\"search_term_string\"}}],\"inLanguage\":\"fr-FR\"},{\"@type\":[\"Person\",\"Organization\"],\"@id\":\"https:\\\/\\\/cabinetbourgeois.com\\\/#\\\/schema\\\/person\\\/6a4104e5effb97f6e89738aa1c77a35c\",\"name\":\"Mathieu Bourgeois\",\"image\":{\"@type\":\"ImageObject\",\"inLanguage\":\"fr-FR\",\"@id\":\"https:\\\/\\\/secure.gravatar.com\\\/avatar\\\/a57031a2826e7874cb6536226f572ce7c9f2ca716c27d89715e4df4ee4c250bc?s=96&d=mm&r=g\",\"url\":\"https:\\\/\\\/secure.gravatar.com\\\/avatar\\\/a57031a2826e7874cb6536226f572ce7c9f2ca716c27d89715e4df4ee4c250bc?s=96&d=mm&r=g\",\"contentUrl\":\"https:\\\/\\\/secure.gravatar.com\\\/avatar\\\/a57031a2826e7874cb6536226f572ce7c9f2ca716c27d89715e4df4ee4c250bc?s=96&d=mm&r=g\",\"caption\":\"Mathieu Bourgeois\"},\"logo\":{\"@id\":\"https:\\\/\\\/secure.gravatar.com\\\/avatar\\\/a57031a2826e7874cb6536226f572ce7c9f2ca716c27d89715e4df4ee4c250bc?s=96&d=mm&r=g\"}}]}<\/script>\n<!-- \/ Yoast SEO plugin. -->","yoast_head_json":{"title":"Contacter Me Bourgeois - Mathieu Bourgeois, avocat au barreau de Paris","robots":{"index":"index","follow":"follow","max-snippet":"max-snippet:-1","max-image-preview":"max-image-preview:large","max-video-preview":"max-video-preview:-1"},"canonical":"https:\/\/cabinetbourgeois.com\/?page_id=213","og_locale":"fr_FR","og_type":"article","og_title":"Contacter Me Bourgeois - Mathieu Bourgeois, avocat au barreau de Paris","og_url":"https:\/\/cabinetbourgeois.com\/?page_id=213","og_site_name":"Mathieu Bourgeois, avocat au barreau de Paris","article_modified_time":"2020-01-28T15:02:33+00:00","twitter_card":"summary_large_image","twitter_misc":{"Dur\u00e9e de lecture estim\u00e9e":"3 minutes"},"schema":{"@context":"https:\/\/schema.org","@graph":[{"@type":"WebPage","@id":"https:\/\/cabinetbourgeois.com\/?page_id=213","url":"https:\/\/cabinetbourgeois.com\/?page_id=213","name":"Contacter Me Bourgeois - Mathieu Bourgeois, avocat au barreau de Paris","isPartOf":{"@id":"https:\/\/cabinetbourgeois.com\/#website"},"datePublished":"2020-01-28T13:34:14+00:00","dateModified":"2020-01-28T15:02:33+00:00","breadcrumb":{"@id":"https:\/\/cabinetbourgeois.com\/?page_id=213#breadcrumb"},"inLanguage":"fr-FR","potentialAction":[{"@type":"ReadAction","target":["https:\/\/cabinetbourgeois.com\/?page_id=213"]}]},{"@type":"BreadcrumbList","@id":"https:\/\/cabinetbourgeois.com\/?page_id=213#breadcrumb","itemListElement":[{"@type":"ListItem","position":1,"name":"Accueil","item":"https:\/\/cabinetbourgeois.com\/"},{"@type":"ListItem","position":2,"name":"Contacter Me Bourgeois"}]},{"@type":"WebSite","@id":"https:\/\/cabinetbourgeois.com\/#website","url":"https:\/\/cabinetbourgeois.com\/","name":"Mathieu Bourgeois, avocat au barreau de Paris","description":"Un avocat pour vous s\u00e9curiser et vous accompagner","publisher":{"@id":"https:\/\/cabinetbourgeois.com\/#\/schema\/person\/6a4104e5effb97f6e89738aa1c77a35c"},"potentialAction":[{"@type":"SearchAction","target":{"@type":"EntryPoint","urlTemplate":"https:\/\/cabinetbourgeois.com\/?s={search_term_string}"},"query-input":{"@type":"PropertyValueSpecification","valueRequired":true,"valueName":"search_term_string"}}],"inLanguage":"fr-FR"},{"@type":["Person","Organization"],"@id":"https:\/\/cabinetbourgeois.com\/#\/schema\/person\/6a4104e5effb97f6e89738aa1c77a35c","name":"Mathieu Bourgeois","image":{"@type":"ImageObject","inLanguage":"fr-FR","@id":"https:\/\/secure.gravatar.com\/avatar\/a57031a2826e7874cb6536226f572ce7c9f2ca716c27d89715e4df4ee4c250bc?s=96&d=mm&r=g","url":"https:\/\/secure.gravatar.com\/avatar\/a57031a2826e7874cb6536226f572ce7c9f2ca716c27d89715e4df4ee4c250bc?s=96&d=mm&r=g","contentUrl":"https:\/\/secure.gravatar.com\/avatar\/a57031a2826e7874cb6536226f572ce7c9f2ca716c27d89715e4df4ee4c250bc?s=96&d=mm&r=g","caption":"Mathieu Bourgeois"},"logo":{"@id":"https:\/\/secure.gravatar.com\/avatar\/a57031a2826e7874cb6536226f572ce7c9f2ca716c27d89715e4df4ee4c250bc?s=96&d=mm&r=g"}}]}},"_links":{"self":[{"href":"https:\/\/cabinetbourgeois.com\/index.php?rest_route=\/wp\/v2\/pages\/213","targetHints":{"allow":["GET"]}}],"collection":[{"href":"https:\/\/cabinetbourgeois.com\/index.php?rest_route=\/wp\/v2\/pages"}],"about":[{"href":"https:\/\/cabinetbourgeois.com\/index.php?rest_route=\/wp\/v2\/types\/page"}],"author":[{"embeddable":true,"href":"https:\/\/cabinetbourgeois.com\/index.php?rest_route=\/wp\/v2\/users\/2"}],"replies":[{"embeddable":true,"href":"https:\/\/cabinetbourgeois.com\/index.php?rest_route=%2Fwp%2Fv2%2Fcomments&post=213"}],"version-history":[{"count":4,"href":"https:\/\/cabinetbourgeois.com\/index.php?rest_route=\/wp\/v2\/pages\/213\/revisions"}],"predecessor-version":[{"id":226,"href":"https:\/\/cabinetbourgeois.com\/index.php?rest_route=\/wp\/v2\/pages\/213\/revisions\/226"}],"wp:attachment":[{"href":"https:\/\/cabinetbourgeois.com\/index.php?rest_route=%2Fwp%2Fv2%2Fmedia&parent=213"}],"curies":[{"name":"wp","href":"https:\/\/api.w.org\/{rel}","templated":true}]}}