{"id":7,"date":"2019-05-24T22:36:38","date_gmt":"2019-05-24T20:36:38","guid":{"rendered":"https:\/\/cabinetbourgeois.com\/?page_id=7"},"modified":"2023-05-10T16:32:21","modified_gmt":"2023-05-10T14:32:21","slug":"accueil","status":"publish","type":"page","link":"https:\/\/cabinetbourgeois.com\/","title":{"rendered":"Accueil"},"content":{"rendered":"<div class=\"fusion-fullwidth fullwidth-box fusion-builder-row-1 nonhundred-percent-fullwidth non-hundred-percent-height-scrolling fusion-equal-height-columns\" style=\"--awb-border-radius-top-left:0px;--awb-border-radius-top-right:0px;--awb-border-radius-bottom-right:0px;--awb-border-radius-bottom-left:0px;--awb-flex-wrap:wrap;\" ><div class=\"fusion-builder-row fusion-row\"><div class=\"fusion-layout-column fusion_builder_column fusion-builder-column-0 fusion_builder_column_1_2 1_2 fusion-one-half fusion-column-first\" style=\"--awb-bg-size:cover;width:50%;width:calc(50% - ( ( 4% ) * 0.5 ) );margin-right: 4%;\"><div class=\"fusion-column-wrapper fusion-column-has-shadow fusion-flex-column-wrapper-legacy\"><div class=\"fusion-image-element in-legacy-container\" style=\"--awb-caption-title-font-family:var(--h2_typography-font-family);--awb-caption-title-font-weight:var(--h2_typography-font-weight);--awb-caption-title-font-style:var(--h2_typography-font-style);--awb-caption-title-size:var(--h2_typography-font-size);--awb-caption-title-transform:var(--h2_typography-text-transform);--awb-caption-title-line-height:var(--h2_typography-line-height);--awb-caption-title-letter-spacing:var(--h2_typography-letter-spacing);\"><span class=\" fusion-imageframe imageframe-none imageframe-1 hover-type-none\"><img decoding=\"async\" width=\"1024\" height=\"683\" title=\"matthew-henry-VviFtDJakYk-unsplash(1)\" src=\"https:\/\/cabinetbourgeois.com\/wp-content\/uploads\/2023\/05\/matthew-henry-VviFtDJakYk-unsplash1-1024x683.jpg\" alt class=\"img-responsive wp-image-268\" srcset=\"https:\/\/cabinetbourgeois.com\/wp-content\/uploads\/2023\/05\/matthew-henry-VviFtDJakYk-unsplash1-200x133.jpg 200w, https:\/\/cabinetbourgeois.com\/wp-content\/uploads\/2023\/05\/matthew-henry-VviFtDJakYk-unsplash1-400x267.jpg 400w, https:\/\/cabinetbourgeois.com\/wp-content\/uploads\/2023\/05\/matthew-henry-VviFtDJakYk-unsplash1-600x400.jpg 600w, https:\/\/cabinetbourgeois.com\/wp-content\/uploads\/2023\/05\/matthew-henry-VviFtDJakYk-unsplash1-800x533.jpg 800w, https:\/\/cabinetbourgeois.com\/wp-content\/uploads\/2023\/05\/matthew-henry-VviFtDJakYk-unsplash1-1200x800.jpg 1200w\" sizes=\"(max-width: 800px) 100vw, 600px\" \/><\/span><\/div><div class=\"fusion-clearfix\"><\/div><\/div><\/div><div class=\"fusion-layout-column fusion_builder_column fusion-builder-column-1 fusion_builder_column_1_2 1_2 fusion-one-half fusion-column-last\" style=\"--awb-bg-size:cover;--awb-margin-bottom:0px;width:50%;width:calc(50% - ( ( 4% ) * 0.5 ) );\"><div class=\"fusion-column-wrapper fusion-column-has-shadow fusion-flex-column-wrapper-legacy\"><div class=\"fusion-text fusion-text-1 fusion-animated\" data-animationType=\"fadeInLeft\" data-animationDuration=\"0.6\" data-animationOffset=\"top-into-view\"><blockquote>\n<p>\u00ab\u00a0Parce qu&rsquo;aujourd&rsquo;hui le droit a atteint un degr\u00e9 de complexit\u00e9 rendant l&rsquo;adage \u00ab\u00a0nul n&rsquo;est cens\u00e9 ignorer la loi\u00a0\u00bb parfaitement utopique, je suis l\u00e0 pour vous accompagner dans vos d\u00e9marches et vos actions .\u00a0\u00bb<\/p>\n<\/blockquote>\n<p>Mathieu Bourgeois, <em>Avocat au barreau de Paris<\/em><\/p>\n<\/div><div class=\"fusion-sep-clear\"><\/div><div class=\"fusion-separator fusion-full-width-sep\" style=\"margin-left: auto;margin-right: auto;margin-top:5px;margin-bottom:15px;width:100%;\"><div class=\"fusion-separator-border sep-single sep-solid\" style=\"--awb-height:20px;--awb-amount:20px;--awb-sep-color:rgba(12,0,43,0.18);border-color:rgba(12,0,43,0.18);border-top-width:1px;\"><\/div><\/div><div class=\"fusion-sep-clear\"><\/div><div class=\"fusion-text fusion-text-2\"><p><b style=\"font-size: 18px; font-family: Roboto; font-weight: bold;\" data-fusion-font=\"true\" data-fusion-google-font=\"Roboto\" data-fusion-google-variant=\"700\" data-fusion-google-subset=\"latin\">Mes engagements<\/b><\/p>\n<\/div><ul style=\"--awb-line-height:27.2px;--awb-icon-width:27.2px;--awb-icon-height:27.2px;--awb-icon-margin:11.2px;--awb-content-margin:38.4px;--awb-circlecolor:#65bc7b;--awb-circle-yes-font-size:14.08px;\" class=\"fusion-checklist fusion-checklist-1 fusion-checklist-default type-icons\"><li class=\"fusion-li-item\" style=\"\"><span class=\"icon-wrapper circle-yes\"><i class=\"fusion-li-icon awb-icon-check\" aria-hidden=\"true\"><\/i><\/span><div class=\"fusion-li-item-content\">\n<p><strong>Un lien unique<\/strong>\u00a0:\u00a0<em>En qualit\u00e9 d&rsquo;avocat, le lien que je tisse avec chaque client est unique et vos int\u00e9r\u00eats deviennent des int\u00e9r\u00eats communs<\/em><\/p>\n<\/div><\/li><li class=\"fusion-li-item\" style=\"\"><span class=\"icon-wrapper circle-yes\"><i class=\"fusion-li-icon awb-icon-check\" aria-hidden=\"true\"><\/i><\/span><div class=\"fusion-li-item-content\">\n<p><strong>Une grande disponibilit\u00e9 :\u00a0<\/strong><em>Quel que soit le lieu o\u00f9 je doive \u00eatre pr\u00e9sent pour d\u00e9fendre vos int\u00e9r\u00eats, je serai l\u00e0.<\/em><\/p>\n<\/div><\/li><li class=\"fusion-li-item\" style=\"\"><span class=\"icon-wrapper circle-yes\"><i class=\"fusion-li-icon awb-icon-check\" aria-hidden=\"true\"><\/i><\/span><div class=\"fusion-li-item-content\">\n<p><strong>Des honoraires adapt\u00e9s :<\/strong>\u00a0<em>La convention d&rsquo;honoraires qui nous liera sera adapt\u00e9e et transparente<\/em><\/p>\n<\/div><\/li><\/ul><div class=\"fusion-sep-clear\"><\/div><div class=\"fusion-separator fusion-full-width-sep\" style=\"margin-left: auto;margin-right: auto;margin-top:10px;margin-bottom:15px;width:100%;\"><div class=\"fusion-separator-border sep-single sep-solid\" style=\"--awb-height:20px;--awb-amount:20px;--awb-sep-color:rgba(12,0,43,0.28);border-color:rgba(12,0,43,0.28);border-top-width:1px;\"><\/div><\/div><div class=\"fusion-sep-clear\"><\/div><div class=\"fusion-text fusion-text-3\"><h3><span style=\"font-size: 18px;\" data-fusion-font=\"true\"><b style=\"font-family: Roboto; font-weight: bold; color: #747474;\" data-fusion-font=\"true\" data-fusion-google-font=\"Roboto\" data-fusion-google-variant=\"700\" data-fusion-google-subset=\"latin\">Contact<\/b><\/span><\/h3>\n<p>39, Boulevard Malesherbes 75008 Paris<\/p>\n<p><b>Tel<\/b> 01 84 16 43 64 \/<\/p>\n<p><b>Fax <\/b>01 84 16 43 65<\/p>\n<\/div><div class=\"fusion-sep-clear\"><\/div><div class=\"fusion-separator fusion-full-width-sep\" style=\"margin-left: auto;margin-right: auto;margin-top:15px;margin-bottom:10px;width:100%;\"><div class=\"fusion-separator-border sep-single sep-solid\" style=\"--awb-height:20px;--awb-amount:20px;--awb-sep-color:rgba(12,0,43,0.35);border-color:rgba(12,0,43,0.35);border-top-width:1px;\"><\/div><\/div><div class=\"fusion-sep-clear\"><\/div><div class=\"fusion-text fusion-text-4\"><h3 style=\"font-size: 19px;\"><\/h3>\n<p>&nbsp;<\/p>\n<\/div><div class=\"fusion-clearfix\"><\/div><\/div><\/div><\/div><\/div>\n","protected":false},"excerpt":{"rendered":"","protected":false},"author":1,"featured_media":0,"parent":0,"menu_order":0,"comment_status":"closed","ping_status":"closed","template":"","meta":{"footnotes":""},"class_list":["post-7","page","type-page","status-publish","hentry"],"yoast_head":"<!-- This site is optimized with the Yoast SEO plugin v27.4 - https:\/\/yoast.com\/product\/yoast-seo-wordpress\/ -->\n<title>Accueil - Mathieu Bourgeois, avocat au barreau de Paris<\/title>\n<meta name=\"description\" content=\"Site de Ma\u00eetre Mathieu Bourgeois, avocat au barreau de Paris qui vous accompagne dans toutes les d\u00e9marches de votre vie n\u00e9cessitant un appui juridique.\" \/>\n<meta name=\"robots\" content=\"index, follow, max-snippet:-1, max-image-preview:large, max-video-preview:-1\" \/>\n<link rel=\"canonical\" href=\"https:\/\/cabinetbourgeois.com\/\" \/>\n<meta property=\"og:locale\" content=\"fr_FR\" \/>\n<meta property=\"og:type\" content=\"article\" \/>\n<meta property=\"og:title\" content=\"Accueil - Mathieu Bourgeois, avocat au barreau de Paris\" \/>\n<meta property=\"og:description\" content=\"Site de Ma\u00eetre Mathieu Bourgeois, avocat au barreau de Paris qui vous accompagne dans toutes les d\u00e9marches de votre vie n\u00e9cessitant un appui juridique.\" \/>\n<meta property=\"og:url\" content=\"https:\/\/cabinetbourgeois.com\/\" \/>\n<meta property=\"og:site_name\" content=\"Mathieu Bourgeois, avocat au barreau de Paris\" \/>\n<meta property=\"article:modified_time\" content=\"2023-05-10T14:32:21+00:00\" \/>\n<meta name=\"twitter:card\" content=\"summary_large_image\" \/>\n<meta name=\"twitter:label1\" content=\"Dur\u00e9e de lecture estim\u00e9e\" \/>\n\t<meta name=\"twitter:data1\" content=\"3 minutes\" \/>\n<script type=\"application\/ld+json\" class=\"yoast-schema-graph\">{\"@context\":\"https:\\\/\\\/schema.org\",\"@graph\":[{\"@type\":\"WebPage\",\"@id\":\"https:\\\/\\\/cabinetbourgeois.com\\\/\",\"url\":\"https:\\\/\\\/cabinetbourgeois.com\\\/\",\"name\":\"Accueil - Mathieu Bourgeois, avocat au barreau de Paris\",\"isPartOf\":{\"@id\":\"https:\\\/\\\/cabinetbourgeois.com\\\/#website\"},\"datePublished\":\"2019-05-24T20:36:38+00:00\",\"dateModified\":\"2023-05-10T14:32:21+00:00\",\"description\":\"Site de Ma\u00eetre Mathieu Bourgeois, avocat au barreau de Paris qui vous accompagne dans toutes les d\u00e9marches de votre vie n\u00e9cessitant un appui juridique.\",\"breadcrumb\":{\"@id\":\"https:\\\/\\\/cabinetbourgeois.com\\\/#breadcrumb\"},\"inLanguage\":\"fr-FR\",\"potentialAction\":[{\"@type\":\"ReadAction\",\"target\":[\"https:\\\/\\\/cabinetbourgeois.com\\\/\"]}]},{\"@type\":\"BreadcrumbList\",\"@id\":\"https:\\\/\\\/cabinetbourgeois.com\\\/#breadcrumb\",\"itemListElement\":[{\"@type\":\"ListItem\",\"position\":1,\"name\":\"Accueil\",\"item\":\"https:\\\/\\\/cabinetbourgeois.com\\\/\"},{\"@type\":\"ListItem\",\"position\":2,\"name\":\"Accueil\"}]},{\"@type\":\"WebSite\",\"@id\":\"https:\\\/\\\/cabinetbourgeois.com\\\/#website\",\"url\":\"https:\\\/\\\/cabinetbourgeois.com\\\/\",\"name\":\"Mathieu Bourgeois, avocat au barreau de Paris\",\"description\":\"Un avocat pour vous s\u00e9curiser et vous accompagner\",\"publisher\":{\"@id\":\"https:\\\/\\\/cabinetbourgeois.com\\\/#\\\/schema\\\/person\\\/6a4104e5effb97f6e89738aa1c77a35c\"},\"potentialAction\":[{\"@type\":\"SearchAction\",\"target\":{\"@type\":\"EntryPoint\",\"urlTemplate\":\"https:\\\/\\\/cabinetbourgeois.com\\\/?s={search_term_string}\"},\"query-input\":{\"@type\":\"PropertyValueSpecification\",\"valueRequired\":true,\"valueName\":\"search_term_string\"}}],\"inLanguage\":\"fr-FR\"},{\"@type\":[\"Person\",\"Organization\"],\"@id\":\"https:\\\/\\\/cabinetbourgeois.com\\\/#\\\/schema\\\/person\\\/6a4104e5effb97f6e89738aa1c77a35c\",\"name\":\"Mathieu Bourgeois\",\"image\":{\"@type\":\"ImageObject\",\"inLanguage\":\"fr-FR\",\"@id\":\"https:\\\/\\\/secure.gravatar.com\\\/avatar\\\/a57031a2826e7874cb6536226f572ce7c9f2ca716c27d89715e4df4ee4c250bc?s=96&d=mm&r=g\",\"url\":\"https:\\\/\\\/secure.gravatar.com\\\/avatar\\\/a57031a2826e7874cb6536226f572ce7c9f2ca716c27d89715e4df4ee4c250bc?s=96&d=mm&r=g\",\"contentUrl\":\"https:\\\/\\\/secure.gravatar.com\\\/avatar\\\/a57031a2826e7874cb6536226f572ce7c9f2ca716c27d89715e4df4ee4c250bc?s=96&d=mm&r=g\",\"caption\":\"Mathieu Bourgeois\"},\"logo\":{\"@id\":\"https:\\\/\\\/secure.gravatar.com\\\/avatar\\\/a57031a2826e7874cb6536226f572ce7c9f2ca716c27d89715e4df4ee4c250bc?s=96&d=mm&r=g\"}}]}<\/script>\n<!-- \/ Yoast SEO plugin. -->","yoast_head_json":{"title":"Accueil - Mathieu Bourgeois, avocat au barreau de Paris","description":"Site de Ma\u00eetre Mathieu Bourgeois, avocat au barreau de Paris qui vous accompagne dans toutes les d\u00e9marches de votre vie n\u00e9cessitant un appui juridique.","robots":{"index":"index","follow":"follow","max-snippet":"max-snippet:-1","max-image-preview":"max-image-preview:large","max-video-preview":"max-video-preview:-1"},"canonical":"https:\/\/cabinetbourgeois.com\/","og_locale":"fr_FR","og_type":"article","og_title":"Accueil - Mathieu Bourgeois, avocat au barreau de Paris","og_description":"Site de Ma\u00eetre Mathieu Bourgeois, avocat au barreau de Paris qui vous accompagne dans toutes les d\u00e9marches de votre vie n\u00e9cessitant un appui juridique.","og_url":"https:\/\/cabinetbourgeois.com\/","og_site_name":"Mathieu Bourgeois, avocat au barreau de Paris","article_modified_time":"2023-05-10T14:32:21+00:00","twitter_card":"summary_large_image","twitter_misc":{"Dur\u00e9e de lecture estim\u00e9e":"3 minutes"},"schema":{"@context":"https:\/\/schema.org","@graph":[{"@type":"WebPage","@id":"https:\/\/cabinetbourgeois.com\/","url":"https:\/\/cabinetbourgeois.com\/","name":"Accueil - Mathieu Bourgeois, avocat au barreau de Paris","isPartOf":{"@id":"https:\/\/cabinetbourgeois.com\/#website"},"datePublished":"2019-05-24T20:36:38+00:00","dateModified":"2023-05-10T14:32:21+00:00","description":"Site de Ma\u00eetre Mathieu Bourgeois, avocat au barreau de Paris qui vous accompagne dans toutes les d\u00e9marches de votre vie n\u00e9cessitant un appui juridique.","breadcrumb":{"@id":"https:\/\/cabinetbourgeois.com\/#breadcrumb"},"inLanguage":"fr-FR","potentialAction":[{"@type":"ReadAction","target":["https:\/\/cabinetbourgeois.com\/"]}]},{"@type":"BreadcrumbList","@id":"https:\/\/cabinetbourgeois.com\/#breadcrumb","itemListElement":[{"@type":"ListItem","position":1,"name":"Accueil","item":"https:\/\/cabinetbourgeois.com\/"},{"@type":"ListItem","position":2,"name":"Accueil"}]},{"@type":"WebSite","@id":"https:\/\/cabinetbourgeois.com\/#website","url":"https:\/\/cabinetbourgeois.com\/","name":"Mathieu Bourgeois, avocat au barreau de Paris","description":"Un avocat pour vous s\u00e9curiser et vous accompagner","publisher":{"@id":"https:\/\/cabinetbourgeois.com\/#\/schema\/person\/6a4104e5effb97f6e89738aa1c77a35c"},"potentialAction":[{"@type":"SearchAction","target":{"@type":"EntryPoint","urlTemplate":"https:\/\/cabinetbourgeois.com\/?s={search_term_string}"},"query-input":{"@type":"PropertyValueSpecification","valueRequired":true,"valueName":"search_term_string"}}],"inLanguage":"fr-FR"},{"@type":["Person","Organization"],"@id":"https:\/\/cabinetbourgeois.com\/#\/schema\/person\/6a4104e5effb97f6e89738aa1c77a35c","name":"Mathieu Bourgeois","image":{"@type":"ImageObject","inLanguage":"fr-FR","@id":"https:\/\/secure.gravatar.com\/avatar\/a57031a2826e7874cb6536226f572ce7c9f2ca716c27d89715e4df4ee4c250bc?s=96&d=mm&r=g","url":"https:\/\/secure.gravatar.com\/avatar\/a57031a2826e7874cb6536226f572ce7c9f2ca716c27d89715e4df4ee4c250bc?s=96&d=mm&r=g","contentUrl":"https:\/\/secure.gravatar.com\/avatar\/a57031a2826e7874cb6536226f572ce7c9f2ca716c27d89715e4df4ee4c250bc?s=96&d=mm&r=g","caption":"Mathieu Bourgeois"},"logo":{"@id":"https:\/\/secure.gravatar.com\/avatar\/a57031a2826e7874cb6536226f572ce7c9f2ca716c27d89715e4df4ee4c250bc?s=96&d=mm&r=g"}}]}},"_links":{"self":[{"href":"https:\/\/cabinetbourgeois.com\/index.php?rest_route=\/wp\/v2\/pages\/7","targetHints":{"allow":["GET"]}}],"collection":[{"href":"https:\/\/cabinetbourgeois.com\/index.php?rest_route=\/wp\/v2\/pages"}],"about":[{"href":"https:\/\/cabinetbourgeois.com\/index.php?rest_route=\/wp\/v2\/types\/page"}],"author":[{"embeddable":true,"href":"https:\/\/cabinetbourgeois.com\/index.php?rest_route=\/wp\/v2\/users\/1"}],"replies":[{"embeddable":true,"href":"https:\/\/cabinetbourgeois.com\/index.php?rest_route=%2Fwp%2Fv2%2Fcomments&post=7"}],"version-history":[{"count":63,"href":"https:\/\/cabinetbourgeois.com\/index.php?rest_route=\/wp\/v2\/pages\/7\/revisions"}],"predecessor-version":[{"id":269,"href":"https:\/\/cabinetbourgeois.com\/index.php?rest_route=\/wp\/v2\/pages\/7\/revisions\/269"}],"wp:attachment":[{"href":"https:\/\/cabinetbourgeois.com\/index.php?rest_route=%2Fwp%2Fv2%2Fmedia&parent=7"}],"curies":[{"name":"wp","href":"https:\/\/api.w.org\/{rel}","templated":true}]}}