{"id":83,"date":"2019-05-25T17:32:08","date_gmt":"2019-05-25T15:32:08","guid":{"rendered":"https:\/\/cabinetbourgeois.com\/?page_id=83"},"modified":"2019-05-28T14:31:53","modified_gmt":"2019-05-28T12:31:53","slug":"credits","status":"publish","type":"page","link":"https:\/\/cabinetbourgeois.com\/?page_id=83","title":{"rendered":"Cr\u00e9dits"},"content":{"rendered":"<h2>Cr\u00e9dits<\/h2>\n<p>\t\t\t\t\t\t\t\t\t\t<img decoding=\"async\" width=\"300\" height=\"64\" src=\"https:\/\/cabinetbourgeois.com\/wp-content\/uploads\/2019\/05\/MB-300x64.png\" alt=\"\" srcset=\"https:\/\/cabinetbourgeois.com\/wp-content\/uploads\/2019\/05\/MB-300x64.png 300w, https:\/\/cabinetbourgeois.com\/wp-content\/uploads\/2019\/05\/MB-768x163.png 768w, https:\/\/cabinetbourgeois.com\/wp-content\/uploads\/2019\/05\/MB-1024x218.png 1024w, https:\/\/cabinetbourgeois.com\/wp-content\/uploads\/2019\/05\/MB.png 1078w\" sizes=\"(max-width: 300px) 100vw, 300px\" \/><br \/>\n\t\t\t\t<!----><\/p>\n<nav itemtype=\"http:\/\/schema.org\/SiteNavigationElement\" itemscope=\"itemscope\" role=\"navigation\" aria-label=\"Elementor Menu\">\n<ul id=\"menu-main_menu-2\">\n<li><a href=\"https:\/\/cabinetbourgeois.com\/\">Accueil<\/a><\/li>\n<li><a href=\"https:\/\/cabinetbourgeois.com\/index.php\/mentions-legales\/\">Mentions l\u00e9gales<\/a><\/li>\n<\/ul>\n<\/nav>\n<p>\t<!----><\/p>\n<p><strong>Cr\u00e9dits photos &#8211; Vid\u00e9os<\/strong><\/p>\n<p>Les repr\u00e9sentations iconographiques, photographiques et vid\u00e9os contenues dans ce site sont utilis\u00e9es avec l&rsquo;accord de leurs auteurs. Les \u00e9l\u00e9ments photographiques sont issus du site unsplash.com.\u00a0<\/p>\n<p>Le logo du pr\u00e9sent site est la r\u00e9alisation de CarpeDiemGraphicks.<\/p>\n<p>Conform\u00e9ment au code de la propri\u00e9t\u00e9 intellectuelle, ces repr\u00e9sentations iconographiques et photographiques restent la propri\u00e9t\u00e9 de leurs auteurs. La reproduction de ces photographies et illustrations est interdite sans autorisation pr\u00e9alable.<\/p>\n<p><strong>Conception &#8211; R\u00e9alisation<\/strong><\/p>\n<p>Ce site a \u00e9t\u00e9 con\u00e7u et r\u00e9alis\u00e9 par CarpeDiemGraphicks pour le compte de Maitre Mathieu Bourgeois.\u00a0<\/p>\n","protected":false},"excerpt":{"rendered":"<p>Cr\u00e9dits Accueil Mentions l\u00e9gales Cr\u00e9dits photos &#8211; Vid\u00e9os Les repr\u00e9sentations  [&#8230;]<\/p>\n","protected":false},"author":1,"featured_media":0,"parent":0,"menu_order":0,"comment_status":"closed","ping_status":"closed","template":"elementor_canvas","meta":{"footnotes":""},"class_list":["post-83","page","type-page","status-publish","hentry"],"yoast_head":"<!-- This site is optimized with the Yoast SEO plugin v27.5 - https:\/\/yoast.com\/product\/yoast-seo-wordpress\/ -->\n<title>Cr\u00e9dits - Mathieu Bourgeois, avocat au barreau de Paris<\/title>\n<meta name=\"robots\" content=\"index, follow, max-snippet:-1, max-image-preview:large, max-video-preview:-1\" \/>\n<link rel=\"canonical\" href=\"https:\/\/cabinetbourgeois.com\/?page_id=83\" \/>\n<meta property=\"og:locale\" content=\"fr_FR\" \/>\n<meta property=\"og:type\" content=\"article\" \/>\n<meta property=\"og:title\" content=\"Cr\u00e9dits - Mathieu Bourgeois, avocat au barreau de Paris\" \/>\n<meta property=\"og:description\" content=\"Cr\u00e9dits Accueil Mentions l\u00e9gales Cr\u00e9dits photos &#8211; Vid\u00e9os Les repr\u00e9sentations [...]\" \/>\n<meta property=\"og:url\" content=\"https:\/\/cabinetbourgeois.com\/?page_id=83\" \/>\n<meta property=\"og:site_name\" content=\"Mathieu Bourgeois, avocat au barreau de Paris\" \/>\n<meta property=\"article:modified_time\" content=\"2019-05-28T12:31:53+00:00\" \/>\n<meta property=\"og:image\" content=\"https:\/\/cabinetbourgeois.com\/wp-content\/uploads\/2019\/05\/MB-300x64.png\" \/>\n<meta name=\"twitter:card\" content=\"summary_large_image\" \/>\n<meta name=\"twitter:label1\" content=\"Dur\u00e9e de lecture estim\u00e9e\" \/>\n\t<meta name=\"twitter:data1\" content=\"1 minute\" \/>\n<script type=\"application\/ld+json\" class=\"yoast-schema-graph\">{\"@context\":\"https:\\\/\\\/schema.org\",\"@graph\":[{\"@type\":\"WebPage\",\"@id\":\"https:\\\/\\\/cabinetbourgeois.com\\\/?page_id=83\",\"url\":\"https:\\\/\\\/cabinetbourgeois.com\\\/?page_id=83\",\"name\":\"Cr\u00e9dits - Mathieu Bourgeois, avocat au barreau de Paris\",\"isPartOf\":{\"@id\":\"https:\\\/\\\/cabinetbourgeois.com\\\/#website\"},\"primaryImageOfPage\":{\"@id\":\"https:\\\/\\\/cabinetbourgeois.com\\\/?page_id=83#primaryimage\"},\"image\":{\"@id\":\"https:\\\/\\\/cabinetbourgeois.com\\\/?page_id=83#primaryimage\"},\"thumbnailUrl\":\"https:\\\/\\\/cabinetbourgeois.com\\\/wp-content\\\/uploads\\\/2019\\\/05\\\/MB-300x64.png\",\"datePublished\":\"2019-05-25T15:32:08+00:00\",\"dateModified\":\"2019-05-28T12:31:53+00:00\",\"breadcrumb\":{\"@id\":\"https:\\\/\\\/cabinetbourgeois.com\\\/?page_id=83#breadcrumb\"},\"inLanguage\":\"fr-FR\",\"potentialAction\":[{\"@type\":\"ReadAction\",\"target\":[\"https:\\\/\\\/cabinetbourgeois.com\\\/?page_id=83\"]}]},{\"@type\":\"ImageObject\",\"inLanguage\":\"fr-FR\",\"@id\":\"https:\\\/\\\/cabinetbourgeois.com\\\/?page_id=83#primaryimage\",\"url\":\"https:\\\/\\\/cabinetbourgeois.com\\\/wp-content\\\/uploads\\\/2019\\\/05\\\/MB.png\",\"contentUrl\":\"https:\\\/\\\/cabinetbourgeois.com\\\/wp-content\\\/uploads\\\/2019\\\/05\\\/MB.png\",\"width\":1078,\"height\":229},{\"@type\":\"BreadcrumbList\",\"@id\":\"https:\\\/\\\/cabinetbourgeois.com\\\/?page_id=83#breadcrumb\",\"itemListElement\":[{\"@type\":\"ListItem\",\"position\":1,\"name\":\"Accueil\",\"item\":\"https:\\\/\\\/cabinetbourgeois.com\\\/\"},{\"@type\":\"ListItem\",\"position\":2,\"name\":\"Cr\u00e9dits\"}]},{\"@type\":\"WebSite\",\"@id\":\"https:\\\/\\\/cabinetbourgeois.com\\\/#website\",\"url\":\"https:\\\/\\\/cabinetbourgeois.com\\\/\",\"name\":\"Mathieu Bourgeois, avocat au barreau de Paris\",\"description\":\"Un avocat pour vous s\u00e9curiser et vous accompagner\",\"publisher\":{\"@id\":\"https:\\\/\\\/cabinetbourgeois.com\\\/#\\\/schema\\\/person\\\/6a4104e5effb97f6e89738aa1c77a35c\"},\"potentialAction\":[{\"@type\":\"SearchAction\",\"target\":{\"@type\":\"EntryPoint\",\"urlTemplate\":\"https:\\\/\\\/cabinetbourgeois.com\\\/?s={search_term_string}\"},\"query-input\":{\"@type\":\"PropertyValueSpecification\",\"valueRequired\":true,\"valueName\":\"search_term_string\"}}],\"inLanguage\":\"fr-FR\"},{\"@type\":[\"Person\",\"Organization\"],\"@id\":\"https:\\\/\\\/cabinetbourgeois.com\\\/#\\\/schema\\\/person\\\/6a4104e5effb97f6e89738aa1c77a35c\",\"name\":\"Mathieu Bourgeois\",\"image\":{\"@type\":\"ImageObject\",\"inLanguage\":\"fr-FR\",\"@id\":\"https:\\\/\\\/secure.gravatar.com\\\/avatar\\\/a57031a2826e7874cb6536226f572ce7c9f2ca716c27d89715e4df4ee4c250bc?s=96&d=mm&r=g\",\"url\":\"https:\\\/\\\/secure.gravatar.com\\\/avatar\\\/a57031a2826e7874cb6536226f572ce7c9f2ca716c27d89715e4df4ee4c250bc?s=96&d=mm&r=g\",\"contentUrl\":\"https:\\\/\\\/secure.gravatar.com\\\/avatar\\\/a57031a2826e7874cb6536226f572ce7c9f2ca716c27d89715e4df4ee4c250bc?s=96&d=mm&r=g\",\"caption\":\"Mathieu Bourgeois\"},\"logo\":{\"@id\":\"https:\\\/\\\/secure.gravatar.com\\\/avatar\\\/a57031a2826e7874cb6536226f572ce7c9f2ca716c27d89715e4df4ee4c250bc?s=96&d=mm&r=g\"}}]}<\/script>\n<!-- \/ Yoast SEO plugin. -->","yoast_head_json":{"title":"Cr\u00e9dits - Mathieu Bourgeois, avocat au barreau de Paris","robots":{"index":"index","follow":"follow","max-snippet":"max-snippet:-1","max-image-preview":"max-image-preview:large","max-video-preview":"max-video-preview:-1"},"canonical":"https:\/\/cabinetbourgeois.com\/?page_id=83","og_locale":"fr_FR","og_type":"article","og_title":"Cr\u00e9dits - Mathieu Bourgeois, avocat au barreau de Paris","og_description":"Cr\u00e9dits Accueil Mentions l\u00e9gales Cr\u00e9dits photos &#8211; Vid\u00e9os Les repr\u00e9sentations [...]","og_url":"https:\/\/cabinetbourgeois.com\/?page_id=83","og_site_name":"Mathieu Bourgeois, avocat au barreau de Paris","article_modified_time":"2019-05-28T12:31:53+00:00","og_image":[{"url":"https:\/\/cabinetbourgeois.com\/wp-content\/uploads\/2019\/05\/MB-300x64.png","type":"","width":"","height":""}],"twitter_card":"summary_large_image","twitter_misc":{"Dur\u00e9e de lecture estim\u00e9e":"1 minute"},"schema":{"@context":"https:\/\/schema.org","@graph":[{"@type":"WebPage","@id":"https:\/\/cabinetbourgeois.com\/?page_id=83","url":"https:\/\/cabinetbourgeois.com\/?page_id=83","name":"Cr\u00e9dits - Mathieu Bourgeois, avocat au barreau de Paris","isPartOf":{"@id":"https:\/\/cabinetbourgeois.com\/#website"},"primaryImageOfPage":{"@id":"https:\/\/cabinetbourgeois.com\/?page_id=83#primaryimage"},"image":{"@id":"https:\/\/cabinetbourgeois.com\/?page_id=83#primaryimage"},"thumbnailUrl":"https:\/\/cabinetbourgeois.com\/wp-content\/uploads\/2019\/05\/MB-300x64.png","datePublished":"2019-05-25T15:32:08+00:00","dateModified":"2019-05-28T12:31:53+00:00","breadcrumb":{"@id":"https:\/\/cabinetbourgeois.com\/?page_id=83#breadcrumb"},"inLanguage":"fr-FR","potentialAction":[{"@type":"ReadAction","target":["https:\/\/cabinetbourgeois.com\/?page_id=83"]}]},{"@type":"ImageObject","inLanguage":"fr-FR","@id":"https:\/\/cabinetbourgeois.com\/?page_id=83#primaryimage","url":"https:\/\/cabinetbourgeois.com\/wp-content\/uploads\/2019\/05\/MB.png","contentUrl":"https:\/\/cabinetbourgeois.com\/wp-content\/uploads\/2019\/05\/MB.png","width":1078,"height":229},{"@type":"BreadcrumbList","@id":"https:\/\/cabinetbourgeois.com\/?page_id=83#breadcrumb","itemListElement":[{"@type":"ListItem","position":1,"name":"Accueil","item":"https:\/\/cabinetbourgeois.com\/"},{"@type":"ListItem","position":2,"name":"Cr\u00e9dits"}]},{"@type":"WebSite","@id":"https:\/\/cabinetbourgeois.com\/#website","url":"https:\/\/cabinetbourgeois.com\/","name":"Mathieu Bourgeois, avocat au barreau de Paris","description":"Un avocat pour vous s\u00e9curiser et vous accompagner","publisher":{"@id":"https:\/\/cabinetbourgeois.com\/#\/schema\/person\/6a4104e5effb97f6e89738aa1c77a35c"},"potentialAction":[{"@type":"SearchAction","target":{"@type":"EntryPoint","urlTemplate":"https:\/\/cabinetbourgeois.com\/?s={search_term_string}"},"query-input":{"@type":"PropertyValueSpecification","valueRequired":true,"valueName":"search_term_string"}}],"inLanguage":"fr-FR"},{"@type":["Person","Organization"],"@id":"https:\/\/cabinetbourgeois.com\/#\/schema\/person\/6a4104e5effb97f6e89738aa1c77a35c","name":"Mathieu Bourgeois","image":{"@type":"ImageObject","inLanguage":"fr-FR","@id":"https:\/\/secure.gravatar.com\/avatar\/a57031a2826e7874cb6536226f572ce7c9f2ca716c27d89715e4df4ee4c250bc?s=96&d=mm&r=g","url":"https:\/\/secure.gravatar.com\/avatar\/a57031a2826e7874cb6536226f572ce7c9f2ca716c27d89715e4df4ee4c250bc?s=96&d=mm&r=g","contentUrl":"https:\/\/secure.gravatar.com\/avatar\/a57031a2826e7874cb6536226f572ce7c9f2ca716c27d89715e4df4ee4c250bc?s=96&d=mm&r=g","caption":"Mathieu Bourgeois"},"logo":{"@id":"https:\/\/secure.gravatar.com\/avatar\/a57031a2826e7874cb6536226f572ce7c9f2ca716c27d89715e4df4ee4c250bc?s=96&d=mm&r=g"}}]}},"_links":{"self":[{"href":"https:\/\/cabinetbourgeois.com\/index.php?rest_route=\/wp\/v2\/pages\/83","targetHints":{"allow":["GET"]}}],"collection":[{"href":"https:\/\/cabinetbourgeois.com\/index.php?rest_route=\/wp\/v2\/pages"}],"about":[{"href":"https:\/\/cabinetbourgeois.com\/index.php?rest_route=\/wp\/v2\/types\/page"}],"author":[{"embeddable":true,"href":"https:\/\/cabinetbourgeois.com\/index.php?rest_route=\/wp\/v2\/users\/1"}],"replies":[{"embeddable":true,"href":"https:\/\/cabinetbourgeois.com\/index.php?rest_route=%2Fwp%2Fv2%2Fcomments&post=83"}],"version-history":[{"count":5,"href":"https:\/\/cabinetbourgeois.com\/index.php?rest_route=\/wp\/v2\/pages\/83\/revisions"}],"predecessor-version":[{"id":148,"href":"https:\/\/cabinetbourgeois.com\/index.php?rest_route=\/wp\/v2\/pages\/83\/revisions\/148"}],"wp:attachment":[{"href":"https:\/\/cabinetbourgeois.com\/index.php?rest_route=%2Fwp%2Fv2%2Fmedia&parent=83"}],"curies":[{"name":"wp","href":"https:\/\/api.w.org\/{rel}","templated":true}]}}